{"id":14488,"date":"2018-02-22T09:05:21","date_gmt":"2018-02-22T09:05:21","guid":{"rendered":"https:\/\/frontfacebusiness.com.mx\/main\/?page_id=14488"},"modified":"2021-12-08T13:15:34","modified_gmt":"2021-12-08T13:15:34","slug":"business-intelligence","status":"publish","type":"page","link":"https:\/\/frontfacebusiness.com.mx\/main\/service\/business-intelligence\/","title":{"rendered":"Business Intelligence"},"content":{"rendered":"<p>[vc_row][vc_column][vc_single_image image=\u00bb18922&#8243; img_size=\u00bbfull\u00bb css=\u00bb.vc_custom_1611686275672{margin-bottom: 0px !important;}\u00bb]<div id=\"1525270533184-4f4d33c9-d549\" class=\"dt-sc-empty-space\"><\/div>[vc_custom_heading text=\u00bbBusiness Intelligence\u00bb font_container=\u00bbtag:h5|font_size:26|text_align:left\u00bb use_theme_fonts=\u00bbyes\u00bb][vc_custom_heading text=\u00bbCada perfil de usuario es analizado por nuestra \u00e1rea de Business Intelligence con el fin de lograr interacciones m\u00e1s humanas y cercanas al consumidor.\u00bb font_container=\u00bbtag:p|text_align:left\u00bb use_theme_fonts=\u00bbyes\u00bb]<div id=\"1525270932411-5145d523-5382\" class=\"dt-sc-empty-space\"><\/div>[vc_custom_heading text=\u00bbIncrementando la rentabilidad del negocio al implementar estrategias personalizadas que fortalezca su relaci\u00f3n con la marca\u00bb font_container=\u00bbtag:p|text_align:left\u00bb use_theme_fonts=\u00bbyes\u00bb]<div id=\"1525341989881-5c9e9dbf-ffbf\" class=\"dt-sc-empty-space\"><\/div>[vc_row_inner][vc_column_inner el_class=\u00bbrs_col-sm-12&#8243; width=\u00bb5\/12&#8243; offset=\u00bbvc_col-lg-5 vc_col-md-12&#8243;][vc_single_image image=\u00bb18923&#8243; img_size=\u00bbfull\u00bb css=\u00bb.vc_custom_1611686454093{margin-bottom: 0px !important;}\u00bb][\/vc_column_inner][vc_column_inner el_class=\u00bbrs_col-sm-12&#8243; width=\u00bb7\/12&#8243; offset=\u00bbvc_col-lg-7 vc_col-md-12&#8243;]<blockquote class='type2 ' ><q>Transformamos datos en informaci\u00f3n para optimizar tus procesos<\/q><\/blockquote><div id=\"1525270652049-6b90e021-13d5\" class=\"dt-sc-empty-space\"><\/div>[vc_custom_heading text=\u00bbOfrecemos una plataforma donde se centralizan los resultados de la operaci\u00f3n, los cuales pueden ser consultados y descargados desde m\u00faltiples dispositivos por cada \u00e1rea de inter\u00e9s, todo esto bajo el marco de seguridad en niveles de acceso la informaci\u00f3n.\u00bb font_container=\u00bbtag:p|text_align:left\u00bb use_theme_fonts=\u00bbyes\u00bb][\/vc_column_inner][\/vc_row_inner]<div id=\"1525270971117-05c8b284-fd90\" class=\"dt-sc-empty-space\"><\/div>[\/vc_column][\/vc_row][vc_row css_animation=\u00bbnone\u00bb][vc_column css_animation=\u00bbnone\u00bb]<div id=\"1519381386379-a18ce61e-7800\" class=\"dt-sc-empty-space\"><\/div><div class='dt-sc-title script-with-sub-title '><h1>Inteligencia para <strong>tu negocio<\/strong><\/h1><h3><\/h3><\/div><div id=\"1611686633878-523c95ac-b48e\" class=\"dt-sc-empty-space\"><\/div><div class='dt-sc-tabs-horizontal-frame-container type4' data-effect='fade'><ul class='dt-sc-tabs-horizontal-frame'><li><a href=\"javascript:void(0);\"><span class='fas fa-robot'><\/span>Chatbots<\/a><\/li><li><a href=\"javascript:void(0);\"><span class='fas fa-chalkboard-teacher'><\/span>Asistente Virtual<\/a><\/li><li><a href=\"javascript:void(0);\"><span class='fas fa-microphone'><\/span>Speech Analytics<\/a><\/li><\/ul><div class='dt-sc-tabs-horizontal-frame-content'>[vc_row_inner][vc_column_inner width=\u00bb2\/3&#8243;][vc_column_text css=\u00bb.vc_custom_1611686825554{margin-bottom: 10px !important;}\u00bb]Mejora cada interacci\u00f3n con tus clientes gracias a nuestros chatbots, por medio de los cuales podr\u00e1s dar una experiencia de usuario \u00fanica al automatizar y dar respuesta a los procesos m\u00e1s solicitados de tu negocio[\/vc_column_text]<div class='dt-sc-hr-invisible-xsmall '> <\/div><ul class='dt-sc-fancy-list  with-skincolor-icon rounded-circle-tick'>\n<li>Lenguaje NLU<\/li>\n<li>Textos personalizados<\/li>\n<li>Generar respuestas r\u00e1pidas y concisas<\/li>\n<li>Marketing y promociones<\/li>\n<\/ul>[\/vc_column_inner][vc_column_inner width=\u00bb1\/3&#8243;]<img width=\"2000\" height=\"1455\" src=\"https:\/\/frontfacebusiness.com.mx\/main\/wp-content\/uploads\/2021\/01\/robot-working-with-laptop.jpg\" class=\"alignnone attachment-full\" alt=\"Robot working with laptop\" loading=\"lazy\" srcset=\"https:\/\/frontfacebusiness.com.mx\/main\/wp-content\/uploads\/2021\/01\/robot-working-with-laptop.jpg 2000w, https:\/\/frontfacebusiness.com.mx\/main\/wp-content\/uploads\/2021\/01\/robot-working-with-laptop-300x218.jpg 300w, https:\/\/frontfacebusiness.com.mx\/main\/wp-content\/uploads\/2021\/01\/robot-working-with-laptop-1024x745.jpg 1024w, https:\/\/frontfacebusiness.com.mx\/main\/wp-content\/uploads\/2021\/01\/robot-working-with-laptop-768x559.jpg 768w, https:\/\/frontfacebusiness.com.mx\/main\/wp-content\/uploads\/2021\/01\/robot-working-with-laptop-1536x1117.jpg 1536w, https:\/\/frontfacebusiness.com.mx\/main\/wp-content\/uploads\/2021\/01\/robot-working-with-laptop-750x546.jpg 750w, https:\/\/frontfacebusiness.com.mx\/main\/wp-content\/uploads\/2021\/01\/robot-working-with-laptop-540x393.jpg 540w, https:\/\/frontfacebusiness.com.mx\/main\/wp-content\/uploads\/2021\/01\/robot-working-with-laptop-600x437.jpg 600w\" sizes=\"(max-width: 2000px) 100vw, 2000px\" \/>[\/vc_column_inner][\/vc_row_inner]<\/div><div class='dt-sc-tabs-horizontal-frame-content'>[vc_row_inner][vc_column_inner width=\u00bb1\/3&#8243;]<img width=\"2000\" height=\"1286\" src=\"https:\/\/frontfacebusiness.com.mx\/main\/wp-content\/uploads\/2021\/01\/young-businessman-talking-on-phone-in-taxi.jpg\" class=\"alignnone attachment-full\" alt=\"Young businessman talking on phone in taxi\" loading=\"lazy\" srcset=\"https:\/\/frontfacebusiness.com.mx\/main\/wp-content\/uploads\/2021\/01\/young-businessman-talking-on-phone-in-taxi.jpg 2000w, https:\/\/frontfacebusiness.com.mx\/main\/wp-content\/uploads\/2021\/01\/young-businessman-talking-on-phone-in-taxi-300x193.jpg 300w, https:\/\/frontfacebusiness.com.mx\/main\/wp-content\/uploads\/2021\/01\/young-businessman-talking-on-phone-in-taxi-1024x658.jpg 1024w, https:\/\/frontfacebusiness.com.mx\/main\/wp-content\/uploads\/2021\/01\/young-businessman-talking-on-phone-in-taxi-768x494.jpg 768w, https:\/\/frontfacebusiness.com.mx\/main\/wp-content\/uploads\/2021\/01\/young-businessman-talking-on-phone-in-taxi-1536x988.jpg 1536w, https:\/\/frontfacebusiness.com.mx\/main\/wp-content\/uploads\/2021\/01\/young-businessman-talking-on-phone-in-taxi-750x482.jpg 750w, https:\/\/frontfacebusiness.com.mx\/main\/wp-content\/uploads\/2021\/01\/young-businessman-talking-on-phone-in-taxi-540x347.jpg 540w, https:\/\/frontfacebusiness.com.mx\/main\/wp-content\/uploads\/2021\/01\/young-businessman-talking-on-phone-in-taxi-600x386.jpg 600w\" sizes=\"(max-width: 2000px) 100vw, 2000px\" \/>[\/vc_column_inner][vc_column_inner width=\u00bb2\/3&#8243;][vc_column_text css=\u00bb.vc_custom_1611687024455{margin-bottom: 10px !important;}\u00bb]Promoviendo una imagen formal y corporativa para los negocios que requieren atenci\u00f3n personalizada a sus clientes por una fracci\u00f3n del costo que significa contratar personal[\/vc_column_text]<div class='dt-sc-hr-invisible-xsmall '> <\/div><ul class='dt-sc-fancy-list  with-skincolor-icon rounded-circle-tick'>\n<li>Enlazar llamadas de clientes<\/li>\n<li>Env\u00edo de mensajes por mail<\/li>\n<li>Contestar llamadas<\/li>\n<\/ul>[\/vc_column_inner][\/vc_row_inner]<\/div><div class='dt-sc-tabs-horizontal-frame-content'>[vc_row_inner][vc_column_inner width=\u00bb2\/3&#8243;][vc_column_text css=\u00bb.vc_custom_1611687150465{margin-bottom: 10px !important;}\u00bb]Analizamos a detalle cada conversaci\u00f3n de tus clientes, detectando palabras clave y reconocimiento de lenguaje natural para aportar informaci\u00f3n completa sobre tus productos y servicios.<\/p>\n<p>[\/vc_column_text]<div class='dt-sc-hr-invisible-xsmall '> <\/div><ul class='dt-sc-fancy-list  with-skincolor-icon rounded-circle-tick'>\n<li>Conocer \u00e1reas de oportunidad<\/li>\n<li>Volumen de satisfacci\u00f3n<\/li>\n<li>Categorizar motivos de llamadas<\/li>\n<li>Mejor formaci\u00f3n para agentes<\/li>\n<\/ul>[\/vc_column_inner][vc_column_inner width=\u00bb1\/3&#8243;]<img width=\"2000\" height=\"2000\" src=\"https:\/\/frontfacebusiness.com.mx\/main\/wp-content\/uploads\/2021\/01\/voice-recognition-concept-microphone-and-smartphone-or-mobile-phone-with-waves-on-the-screen-.jpg\" class=\"alignnone attachment-full\" alt=\"Voice Recognition concept. Microphone and smartphone or mobile phone with waves on the screen.\" loading=\"lazy\" srcset=\"https:\/\/frontfacebusiness.com.mx\/main\/wp-content\/uploads\/2021\/01\/voice-recognition-concept-microphone-and-smartphone-or-mobile-phone-with-waves-on-the-screen-.jpg 2000w, https:\/\/frontfacebusiness.com.mx\/main\/wp-content\/uploads\/2021\/01\/voice-recognition-concept-microphone-and-smartphone-or-mobile-phone-with-waves-on-the-screen--300x300.jpg 300w, https:\/\/frontfacebusiness.com.mx\/main\/wp-content\/uploads\/2021\/01\/voice-recognition-concept-microphone-and-smartphone-or-mobile-phone-with-waves-on-the-screen--1024x1024.jpg 1024w, https:\/\/frontfacebusiness.com.mx\/main\/wp-content\/uploads\/2021\/01\/voice-recognition-concept-microphone-and-smartphone-or-mobile-phone-with-waves-on-the-screen--150x150.jpg 150w, https:\/\/frontfacebusiness.com.mx\/main\/wp-content\/uploads\/2021\/01\/voice-recognition-concept-microphone-and-smartphone-or-mobile-phone-with-waves-on-the-screen--768x768.jpg 768w, https:\/\/frontfacebusiness.com.mx\/main\/wp-content\/uploads\/2021\/01\/voice-recognition-concept-microphone-and-smartphone-or-mobile-phone-with-waves-on-the-screen--1536x1536.jpg 1536w, https:\/\/frontfacebusiness.com.mx\/main\/wp-content\/uploads\/2021\/01\/voice-recognition-concept-microphone-and-smartphone-or-mobile-phone-with-waves-on-the-screen--750x750.jpg 750w, https:\/\/frontfacebusiness.com.mx\/main\/wp-content\/uploads\/2021\/01\/voice-recognition-concept-microphone-and-smartphone-or-mobile-phone-with-waves-on-the-screen--540x540.jpg 540w, https:\/\/frontfacebusiness.com.mx\/main\/wp-content\/uploads\/2021\/01\/voice-recognition-concept-microphone-and-smartphone-or-mobile-phone-with-waves-on-the-screen--600x600.jpg 600w, https:\/\/frontfacebusiness.com.mx\/main\/wp-content\/uploads\/2021\/01\/voice-recognition-concept-microphone-and-smartphone-or-mobile-phone-with-waves-on-the-screen--100x100.jpg 100w\" sizes=\"(max-width: 2000px) 100vw, 2000px\" \/>[\/vc_column_inner][\/vc_row_inner]<\/div><\/div><div id=\"1519381398384-62bcd174-b3e2\" class=\"dt-sc-empty-space\"><\/div>[\/vc_column][\/vc_row][vc_row full_width=\u00bbstretch_row_content\u00bb][vc_column width=\u00bb1\/4&#8243; css=\u00bb.vc_custom_1525091156951{padding-right: 1px !important;padding-left: 1px !important;}\u00bb el_class=\u00bbrs_col-sm-6&#8243; offset=\u00bbvc_col-lg-3 vc_col-md-6&#8243;]<div class='dt-sc-image-caption type6 black'><div class='dt-sc-image-wrapper'><img width=\"2000\" height=\"1333\" src=\"https:\/\/frontfacebusiness.com.mx\/main\/wp-content\/uploads\/2021\/01\/businessman-in-meeting.jpg\" class=\"attachment-full\" alt=\"Businessman in meeting\" loading=\"lazy\" srcset=\"https:\/\/frontfacebusiness.com.mx\/main\/wp-content\/uploads\/2021\/01\/businessman-in-meeting.jpg 2000w, https:\/\/frontfacebusiness.com.mx\/main\/wp-content\/uploads\/2021\/01\/businessman-in-meeting-300x200.jpg 300w, https:\/\/frontfacebusiness.com.mx\/main\/wp-content\/uploads\/2021\/01\/businessman-in-meeting-1024x682.jpg 1024w, https:\/\/frontfacebusiness.com.mx\/main\/wp-content\/uploads\/2021\/01\/businessman-in-meeting-768x512.jpg 768w, https:\/\/frontfacebusiness.com.mx\/main\/wp-content\/uploads\/2021\/01\/businessman-in-meeting-1536x1024.jpg 1536w, https:\/\/frontfacebusiness.com.mx\/main\/wp-content\/uploads\/2021\/01\/businessman-in-meeting-750x500.jpg 750w, https:\/\/frontfacebusiness.com.mx\/main\/wp-content\/uploads\/2021\/01\/businessman-in-meeting-540x360.jpg 540w, https:\/\/frontfacebusiness.com.mx\/main\/wp-content\/uploads\/2021\/01\/businessman-in-meeting-600x400.jpg 600w\" sizes=\"(max-width: 2000px) 100vw, 2000px\" \/><\/div><div class='dt-sc-image-content'><div class='dt-sc-image-title'><h3>Potencializa tu negocio<\/h3><\/div><p><\/p><\/div><\/div><div id=\"1525091236485-e1f9bc4b-ee7c\" class=\"dt-sc-empty-space\"><\/div>[\/vc_column][vc_column width=\u00bb1\/4&#8243; css=\u00bb.vc_custom_1525091166844{padding-right: 1px !important;padding-left: 1px !important;}\u00bb el_class=\u00bbrs_col-sm-6&#8243; offset=\u00bbvc_col-lg-3 vc_col-md-6&#8243;]<div class='dt-sc-image-caption type6 black'><div class='dt-sc-image-wrapper'><img width=\"2000\" height=\"1333\" src=\"https:\/\/frontfacebusiness.com.mx\/main\/wp-content\/uploads\/2021\/01\/female-consumers.jpg\" class=\"attachment-full\" alt=\"Female consumers\" loading=\"lazy\" srcset=\"https:\/\/frontfacebusiness.com.mx\/main\/wp-content\/uploads\/2021\/01\/female-consumers.jpg 2000w, https:\/\/frontfacebusiness.com.mx\/main\/wp-content\/uploads\/2021\/01\/female-consumers-300x200.jpg 300w, https:\/\/frontfacebusiness.com.mx\/main\/wp-content\/uploads\/2021\/01\/female-consumers-1024x682.jpg 1024w, https:\/\/frontfacebusiness.com.mx\/main\/wp-content\/uploads\/2021\/01\/female-consumers-768x512.jpg 768w, https:\/\/frontfacebusiness.com.mx\/main\/wp-content\/uploads\/2021\/01\/female-consumers-1536x1024.jpg 1536w, https:\/\/frontfacebusiness.com.mx\/main\/wp-content\/uploads\/2021\/01\/female-consumers-750x500.jpg 750w, https:\/\/frontfacebusiness.com.mx\/main\/wp-content\/uploads\/2021\/01\/female-consumers-540x360.jpg 540w, https:\/\/frontfacebusiness.com.mx\/main\/wp-content\/uploads\/2021\/01\/female-consumers-600x400.jpg 600w\" sizes=\"(max-width: 2000px) 100vw, 2000px\" \/><\/div><div class='dt-sc-image-content'><div class='dt-sc-image-title'><h3>Entiende mejor a tus clientes<\/h3><\/div><p><\/p><\/div><\/div><div id=\"1525091227896-41c0b49a-28e3\" class=\"dt-sc-empty-space\"><\/div>[\/vc_column][vc_column width=\u00bb1\/4&#8243; css=\u00bb.vc_custom_1525091176714{padding-right: 1px !important;padding-left: 1px !important;}\u00bb el_class=\u00bbrs_col-sm-6&#8243; offset=\u00bbvc_col-lg-3 vc_col-md-6&#8243;]<div class='dt-sc-image-caption type6 black'><div class='dt-sc-image-wrapper'><img width=\"2000\" height=\"1333\" src=\"https:\/\/frontfacebusiness.com.mx\/main\/wp-content\/uploads\/2021\/01\/graphic-designers-using-graphics-tablet.jpg\" class=\"attachment-full\" alt=\"Graphic designers using graphics tablet\" loading=\"lazy\" srcset=\"https:\/\/frontfacebusiness.com.mx\/main\/wp-content\/uploads\/2021\/01\/graphic-designers-using-graphics-tablet.jpg 2000w, https:\/\/frontfacebusiness.com.mx\/main\/wp-content\/uploads\/2021\/01\/graphic-designers-using-graphics-tablet-300x200.jpg 300w, https:\/\/frontfacebusiness.com.mx\/main\/wp-content\/uploads\/2021\/01\/graphic-designers-using-graphics-tablet-1024x682.jpg 1024w, https:\/\/frontfacebusiness.com.mx\/main\/wp-content\/uploads\/2021\/01\/graphic-designers-using-graphics-tablet-768x512.jpg 768w, https:\/\/frontfacebusiness.com.mx\/main\/wp-content\/uploads\/2021\/01\/graphic-designers-using-graphics-tablet-1536x1024.jpg 1536w, https:\/\/frontfacebusiness.com.mx\/main\/wp-content\/uploads\/2021\/01\/graphic-designers-using-graphics-tablet-750x500.jpg 750w, https:\/\/frontfacebusiness.com.mx\/main\/wp-content\/uploads\/2021\/01\/graphic-designers-using-graphics-tablet-540x360.jpg 540w, https:\/\/frontfacebusiness.com.mx\/main\/wp-content\/uploads\/2021\/01\/graphic-designers-using-graphics-tablet-600x400.jpg 600w\" sizes=\"(max-width: 2000px) 100vw, 2000px\" \/><\/div><div class='dt-sc-image-content'><div class='dt-sc-image-title'><h3>Implementa nuevos servicios<\/h3><\/div><p><\/p><\/div><\/div>[\/vc_column][vc_column width=\u00bb1\/4&#8243; css=\u00bb.vc_custom_1525091187278{padding-right: 1px !important;padding-left: 1px !important;}\u00bb el_class=\u00bbrs_col-sm-6&#8243; offset=\u00bbvc_col-lg-3 vc_col-md-6&#8243;]<div class='dt-sc-image-caption type6 black'><div class='dt-sc-image-wrapper'><img width=\"2000\" height=\"1328\" src=\"https:\/\/frontfacebusiness.com.mx\/main\/wp-content\/uploads\/2021\/01\/business-graphs-and-charts.jpg\" class=\"attachment-full\" alt=\"Business graphs and charts\" loading=\"lazy\" srcset=\"https:\/\/frontfacebusiness.com.mx\/main\/wp-content\/uploads\/2021\/01\/business-graphs-and-charts.jpg 2000w, https:\/\/frontfacebusiness.com.mx\/main\/wp-content\/uploads\/2021\/01\/business-graphs-and-charts-300x199.jpg 300w, https:\/\/frontfacebusiness.com.mx\/main\/wp-content\/uploads\/2021\/01\/business-graphs-and-charts-1024x680.jpg 1024w, https:\/\/frontfacebusiness.com.mx\/main\/wp-content\/uploads\/2021\/01\/business-graphs-and-charts-768x510.jpg 768w, https:\/\/frontfacebusiness.com.mx\/main\/wp-content\/uploads\/2021\/01\/business-graphs-and-charts-1536x1020.jpg 1536w, https:\/\/frontfacebusiness.com.mx\/main\/wp-content\/uploads\/2021\/01\/business-graphs-and-charts-540x359.jpg 540w, https:\/\/frontfacebusiness.com.mx\/main\/wp-content\/uploads\/2021\/01\/business-graphs-and-charts-750x498.jpg 750w, https:\/\/frontfacebusiness.com.mx\/main\/wp-content\/uploads\/2021\/01\/business-graphs-and-charts-600x398.jpg 600w\" sizes=\"(max-width: 2000px) 100vw, 2000px\" \/><\/div><div class='dt-sc-image-content'><div class='dt-sc-image-title'><h3>Mayores Ventas<\/h3><\/div><p><\/p><\/div><\/div>[\/vc_column][\/vc_row][vc_row full_width=\u00bbstretch_row\u00bb bg_type=\u00bbimage\u00bb parallax_style=\u00bbvcpb-vz-jquery\u00bb bg_image_new=\u00bbid^18841|url^https:\/\/frontfacebusiness.com.mx\/main\/wp-content\/uploads\/2021\/01\/handsome-customer-support-operator.jpg|caption^Handsome Customer Support Operator|alt^Handsome Customer Support Operator|title^Handsome Customer Support Operator|description^Handsome Customer Support Operator\u00bb enable_overlay=\u00bbenable_overlay_value\u00bb overlay_color=\u00bb#0a0000&#8243; seperator_enable=\u00bbseperator_enable_value\u00bb seperator_type=\u00bbtilt_left_seperator\u00bb seperator_svg_height=\u00bb200&#8243; seperator_shape_background=\u00bb#f9f9f9&#8243; el_class=\u00bbdt-skin-primary-bg\u00bb css=\u00bb.vc_custom_1638968935102{padding-top: 15% !important;padding-bottom: 15% !important;}\u00bb][vc_column el_class=\u00bbaligncenter\u00bb]<div id=\"1530177252608-7ec115a2-5e2a\" class=\"dt-sc-empty-space\"><\/div>[vc_row_inner el_class=\u00bbdt-sc-dark-bg dt-sc-display-txt\u00bb][vc_column_inner width=\u00bb1\/6&#8243; offset=\u00bbvc_hidden-xs\u00bb][\/vc_column_inner][vc_column_inner width=\u00bb2\/3&#8243;][vc_column_text][\/vc_column_text]<div class='dt-sc-title with-two-border aligncenter'><h2>Ponte en contacto<\/h2><\/div>[vc_custom_heading text=\u00bbLa mejor experiencia y atenci\u00f3n a clientes\u00bb font_container=\u00bbtag:h4|text_align:center|color:%23ffffff|line_height:40px\u00bb use_theme_fonts=\u00bbyes\u00bb]<div id=\"1530180282184-063c2f51-1708\" class=\"dt-sc-empty-space\"><\/div>[\/vc_column_inner][vc_column_inner width=\u00bb1\/6&#8243; offset=\u00bbvc_hidden-xs\u00bb][\/vc_column_inner][\/vc_row_inner]<a href='https:\/\/frontfacebusiness.com.mx\/main\/contacto' target='_self' title='' class='dt-sc-button   xlarge icon-right with-icon  bordered  transparent-btn white'  style=\"background-color:#cd062d;border-color:#cd062d;\"> Cont\u00e1ctanos <span class='fa fa-long-arrow-right'> <\/span><\/a><div id=\"1531139364199-5c8b689b-a00c\" class=\"dt-sc-empty-space\"><\/div>[\/vc_column][\/vc_row]<\/p>\n","protected":false},"excerpt":{"rendered":"<p>[vc_row][vc_column][vc_single_image image=\u00bb18922&#8243; img_size=\u00bbfull\u00bb css=\u00bb.vc_custom_1611686275672{margin-bottom: 0px !important;}\u00bb][vc_custom_heading text=\u00bbBusiness Intelligence\u00bb font_container=\u00bbtag:h5|font_size:26|text_align:left\u00bb use_theme_fonts=\u00bbyes\u00bb][vc_custom_heading text=\u00bbCada perfil de usuario es analizado por nuestra \u00e1rea de Business Intelligence con el fin de lograr interacciones m\u00e1s humanas y cercanas al consumidor.\u00bb font_container=\u00bbtag:p|text_align:left\u00bb use_theme_fonts=\u00bbyes\u00bb][vc_custom_heading text=\u00bbIncrementando la rentabilidad del negocio al implementar estrategias personalizadas que fortalezca su relaci\u00f3n con la marca\u00bb font_container=\u00bbtag:p|text_align:left\u00bb use_theme_fonts=\u00bbyes\u00bb][vc_row_inner][vc_column_inner el_class=\u00bbrs_col-sm-12&#8243; [&hellip;]<\/p>\n","protected":false},"author":1,"featured_media":0,"parent":14536,"menu_order":2,"comment_status":"closed","ping_status":"closed","template":"tpl-sidenavigation.php","meta":[],"_links":{"self":[{"href":"https:\/\/frontfacebusiness.com.mx\/main\/wp-json\/wp\/v2\/pages\/14488"}],"collection":[{"href":"https:\/\/frontfacebusiness.com.mx\/main\/wp-json\/wp\/v2\/pages"}],"about":[{"href":"https:\/\/frontfacebusiness.com.mx\/main\/wp-json\/wp\/v2\/types\/page"}],"author":[{"embeddable":true,"href":"https:\/\/frontfacebusiness.com.mx\/main\/wp-json\/wp\/v2\/users\/1"}],"replies":[{"embeddable":true,"href":"https:\/\/frontfacebusiness.com.mx\/main\/wp-json\/wp\/v2\/comments?post=14488"}],"version-history":[{"count":11,"href":"https:\/\/frontfacebusiness.com.mx\/main\/wp-json\/wp\/v2\/pages\/14488\/revisions"}],"predecessor-version":[{"id":18921,"href":"https:\/\/frontfacebusiness.com.mx\/main\/wp-json\/wp\/v2\/pages\/14488\/revisions\/18921"}],"up":[{"embeddable":true,"href":"https:\/\/frontfacebusiness.com.mx\/main\/wp-json\/wp\/v2\/pages\/14536"}],"wp:attachment":[{"href":"https:\/\/frontfacebusiness.com.mx\/main\/wp-json\/wp\/v2\/media?parent=14488"}],"curies":[{"name":"wp","href":"https:\/\/api.w.org\/{rel}","templated":true}]}}