{"id":16223,"date":"2018-04-27T12:43:17","date_gmt":"2018-04-27T12:43:17","guid":{"rendered":"https:\/\/frontfacebusiness.com.mx\/main\/?page_id=16223"},"modified":"2022-04-27T16:37:48","modified_gmt":"2022-04-27T16:37:48","slug":"nosotros","status":"publish","type":"page","link":"https:\/\/frontfacebusiness.com.mx\/main\/nosotros\/","title":{"rendered":"Nosotros"},"content":{"rendered":"<p>[vc_section full_width=\u00bbstretch_row\u00bb css=\u00bb.vc_custom_1527681065631{margin-top: -35px !important;background: #fbfbfb url(https:\/\/frontfacebusiness.com.mx\/main\/wp-content\/uploads\/2018\/05\/Digital-Agency-T2.png?id=17443) !important;background-position: 0 0 !important;background-repeat: no-repeat !important;}\u00bb addstyles=\u00bbbackground-position: left bottom!important; background-size: 50% auto !important;\u00bb][vc_row][vc_column]<div id=\"1627492083604-be95e18a-5513\" class=\"dt-sc-empty-space\"><\/div>[vc_video link=\u00bbhttps:\/\/player.vimeo.com\/video\/422652204?autoplay=1&amp;loop=1&amp;autopause=0&#8243;][\/vc_column][\/vc_row][vc_row][vc_column]<div id=\"1524035381731-5918752d-9461\" class=\"dt-sc-empty-space\"><\/div>[\/vc_column][\/vc_row][vc_row][vc_column]<div class='dt-sc-title with-two-border aligncenter'><h2>10 A\u00f1os Conectando<\/h2><\/div>[vc_row_inner][vc_column_inner width=\u00bb1\/6&#8243; offset=\u00bbvc_hidden-xs\u00bb][\/vc_column_inner][vc_column_inner width=\u00bb2\/3&#8243;][vc_custom_heading text=\u00bbNacemos hace 10 a\u00f1os como un contact center y evolucionamos a trav\u00e9s de la integraci\u00f3n tanto de medios de contacto como procesos de mejora continua para nuestros clientes.\u00bb font_container=\u00bbtag:h4|text_align:center\u00bb use_theme_fonts=\u00bbyes\u00bb][\/vc_column_inner][vc_column_inner width=\u00bb1\/6&#8243; offset=\u00bbvc_hidden-xs\u00bb][\/vc_column_inner][\/vc_row_inner][\/vc_column][\/vc_row][vc_row][vc_column offset=\u00bbvc_hidden-xs\u00bb]<div id=\"1524035732335-bdba866f-8d4d\" class=\"dt-sc-empty-space\"><\/div>[\/vc_column][\/vc_row][vc_row full_width=\u00bbstretch_row_content_no_spaces\u00bb equal_height=\u00bbyes\u00bb content_placement=\u00bbmiddle\u00bb][vc_column width=\u00bb1\/2&#8243; el_class=\u00bbrs_col-sm-12&#8243; offset=\u00bbvc_col-lg-6 vc_col-md-12&#8243;][\/vc_column][vc_column width=\u00bb1\/3&#8243; el_class=\u00bbrs_padding-xs-default rs_col-sm-10 rs_col-qxlg-5 rs_col-hxlg-5&#8243; offset=\u00bbvc_col-lg-offset-0 vc_col-lg-4 vc_col-md-offset-1 vc_col-md-10 vc_col-sm-offset-1&#8243;]<div id=\"1525080578374-8710143a-b803\" class=\"dt-sc-empty-space\"><\/div>[vc_custom_heading text=\u00bbNuestra Filosof\u00eda\u00bb font_container=\u00bbtag:p|text_align:left\u00bb use_theme_fonts=\u00bbyes\u00bb el_class=\u00bbdt-skin-primary-color\u00bb css=\u00bb.vc_custom_1611672343780{margin-bottom: 0px !important;}\u00bb][vc_custom_heading text=\u00bbYour Business, Our Passion\u00bb font_container=\u00bbtag:h4|font_size:30|text_align:left\u00bb use_theme_fonts=\u00bbyes\u00bb]<div id=\"1524835199671-8ba8c271-6fee\" class=\"dt-sc-empty-space\"><\/div><div class='dt-sc-tabs-horizontal-container dt-simple-with-strike-line alter' data-effect='fade'><ul class='dt-sc-tabs-horizontal'><li><a href=\"javascript:void(0);\">Tecnolog\u00eda<\/a><\/li><li><a href=\"javascript:void(0);\">Filosof\u00eda<\/a><\/li><li><a href=\"javascript:void(0);\">Conexi\u00f3n<\/a><\/li><li><a href=\"javascript:void(0);\">Soluciones<\/a><\/li><\/ul><div class='dt-sc-tabs-horizontal-content'>[vc_row_inner][vc_column_inner][vc_custom_heading text=\u00bbA trav\u00e9s de distintos puntos de encuentro, Front Face Business demuestra su compromiso con la conectividad, el uso de tecnolog\u00eda en soluciones innovadoras y alianzas que crean valor agregado.\u00bb font_container=\u00bbtag:p|text_align:left\u00bb use_theme_fonts=\u00bbyes\u00bb][\/vc_column_inner][\/vc_row_inner]<\/div><div class='dt-sc-tabs-horizontal-content'>[vc_row_inner][vc_column_inner][vc_custom_heading text=\u00bbNuestra filosof\u00eda radica en convertir una simple llamada telef\u00f3nica a una interacci\u00f3n humana de la m\u00e1s alta calidad. Trabajamos bajo la convicci\u00f3n de aportar valor agregado a nuestros clientes garantizando calidad en nuestro servicio integrando a los mejores profesionales con grandes habilidades de comunicaci\u00f3n, empat\u00eda y compromiso.\u00bb font_container=\u00bbtag:p|text_align:left\u00bb use_theme_fonts=\u00bbyes\u00bb][\/vc_column_inner][\/vc_row_inner]<\/div><div class='dt-sc-tabs-horizontal-content'>[vc_row_inner][vc_column_inner][vc_custom_heading text=\u00bb\u201cConectados\u201d describe la esencia de Front Face Business. La conectividad es una de las grandes fortalezas Front Face Business, aplicada en tecnolog\u00eda, canales, colaboradores, clientes y socios comerciales.\u00bb font_container=\u00bbtag:p|text_align:left\u00bb use_theme_fonts=\u00bbyes\u00bb][\/vc_column_inner][\/vc_row_inner]<\/div><div class='dt-sc-tabs-horizontal-content'>[vc_row_inner][vc_column_inner][vc_custom_heading text=\u00bbCreamos valor ayudando a interactuar los beneficios de nuestros clientes a los grupos de inter\u00e9s, as\u00ed como haciendo de cada interacci\u00f3n una experiencia para los clientes de nuestros clientes.\u00bb font_container=\u00bbtag:p|text_align:left\u00bb use_theme_fonts=\u00bbyes\u00bb][\/vc_column_inner][\/vc_row_inner]<\/div><\/div><div id=\"1525080791966-a032ecf9-23fb\" class=\"dt-sc-empty-space\"><\/div>[\/vc_column][vc_column width=\u00bb1\/6&#8243; offset=\u00bbvc_hidden-md vc_hidden-sm vc_hidden-xs\u00bb][\/vc_column][\/vc_row][\/vc_section][vc_row][vc_column]<div id=\"1524835592318-e8db691f-c641\" class=\"dt-sc-empty-space\"><\/div>[\/vc_column][vc_column width=\u00bb1\/2&#8243; el_class=\u00bbrs_col-sm-12&#8243; offset=\u00bbvc_col-lg-6 vc_col-md-12&#8243;]<div class='dt-sc-title with-two-border '><h6>Cross Services Solutions<\/h6><\/div>[vc_custom_heading text=\u00bbInnovadoras formas de comunicaci\u00f3n\u00bb font_container=\u00bbtag:p|text_align:left\u00bb use_theme_fonts=\u00bbyes\u00bb el_class=\u00bbdt-skin-primary-color\u00bb css=\u00bb.vc_custom_1611672705984{margin-top: -15px !important;}\u00bb]<div id=\"1524836908059-af863edd-018b\" class=\"dt-sc-empty-space\"><\/div>[vc_custom_heading text=\u00bbLa eficiencia de nuestro trabajo es resultado de la innovaci\u00f3n constante y la mejora continua en todo lo que hacemos. A\u00f1o tras a\u00f1o, nuestro objetivo es garantizar a nuestros clientes la mejor experiencia y el m\u00e1ximo nivel de excelencia para seguir contando con su plena satisfacci\u00f3n.\u00bb font_container=\u00bbtag:p|text_align:left\u00bb use_theme_fonts=\u00bbyes\u00bb]<div id=\"1524838164432-01d9c842-26b7\" class=\"dt-sc-empty-space\"><\/div>[vc_custom_heading text=\u00bbA trav\u00e9s de Cross Services Solutions es que podemos llegar desde la interacci\u00f3n con tus clientes hasta crear una soluci\u00f3n para ser un canal m\u00e1s donde podemos ofrecer tus productos y\/o servicios.\u00bb font_container=\u00bbtag:p|text_align:left\u00bb use_theme_fonts=\u00bbyes\u00bb]<div id=\"1524838303377-55b19013-535b\" class=\"dt-sc-empty-space\"><\/div>[\/vc_column][vc_column width=\u00bb1\/2&#8243; el_class=\u00bbrs_col-sm-10&#8243; offset=\u00bbvc_col-lg-offset-0 vc_col-lg-6 vc_col-md-offset-2 vc_col-md-8 vc_col-sm-offset-1&#8243;][vc_row_inner][vc_column_inner width=\u00bb1\/2&#8243;]<div class='dt-sc-counter type1  dt-rounded-box-with-bgfill'><div class='dt-sc-couter-icon-holder'><div class='dt-sc-counter-number' data-value='24' data-append='hrs'>24<\/div><\/div><h4>Conexi\u00f3n Ininterrumpida<\/h4><\/div>[\/vc_column_inner][vc_column_inner width=\u00bb1\/2&#8243;]<div class='dt-sc-counter type1  dt-rounded-box-with-bgfill'><div class='dt-sc-couter-icon-holder'><div class='dt-sc-counter-number' data-value='20' data-append='+'>20<\/div><\/div><h4>Socios Comerciales<\/h4><\/div>[\/vc_column_inner][\/vc_row_inner]<div id=\"1524837860708-8aba9ef8-d0af\" class=\"dt-sc-empty-space\"><\/div>[vc_row_inner][vc_column_inner width=\u00bb1\/2&#8243;]<div class='dt-sc-counter type1  dt-rounded-box-with-bgfill'><div class='dt-sc-couter-icon-holder'><div class='dt-sc-counter-number' data-value='360' data-append='D\u00edas'>360<\/div><\/div><h4>Servicio al cliente<\/h4><\/div>[\/vc_column_inner][vc_column_inner width=\u00bb1\/2&#8243;]<div class='dt-sc-counter type1  dt-rounded-box-with-bgfill'><div class='dt-sc-couter-icon-holder'><div class='dt-sc-counter-number' data-value='200' data-append='k+'>200<\/div><\/div><h4>Llamadas Respondidas<\/h4><\/div>[\/vc_column_inner][\/vc_row_inner][\/vc_column][vc_column]<div id=\"1524838175677-1a25d8b8-d5b9\" class=\"dt-sc-empty-space\"><\/div>[\/vc_column][\/vc_row][vc_row full_width=\u00bbstretch_row\u00bb bg_type=\u00bbimage\u00bb parallax_style=\u00bbvcpb-vz-jquery\u00bb bg_image_new=\u00bbid^18841|url^https:\/\/frontfacebusiness.com.mx\/main\/wp-content\/uploads\/2021\/01\/handsome-customer-support-operator.jpg|caption^Handsome Customer Support Operator|alt^Handsome Customer Support Operator|title^Handsome Customer Support Operator|description^Handsome Customer Support Operator\u00bb enable_overlay=\u00bbenable_overlay_value\u00bb overlay_color=\u00bb#0a0000&#8243; seperator_enable=\u00bbseperator_enable_value\u00bb seperator_type=\u00bbtilt_left_seperator\u00bb seperator_svg_height=\u00bb200&#8243; seperator_shape_background=\u00bb#f9f9f9&#8243; el_class=\u00bbdt-skin-primary-bg\u00bb css=\u00bb.vc_custom_1638968769683{padding-top: 15% !important;padding-bottom: 15% !important;}\u00bb][vc_column el_class=\u00bbaligncenter\u00bb]<div id=\"1530177252608-7ec115a2-5e2a\" class=\"dt-sc-empty-space\"><\/div>[vc_row_inner el_class=\u00bbdt-sc-dark-bg dt-sc-display-txt\u00bb][vc_column_inner width=\u00bb1\/6&#8243; offset=\u00bbvc_hidden-xs\u00bb][\/vc_column_inner][vc_column_inner width=\u00bb2\/3&#8243;][vc_column_text][\/vc_column_text]<div class='dt-sc-title with-two-border aligncenter'><h2>Ponte en contacto<\/h2><\/div>[vc_custom_heading text=\u00bbTu clientes esperan la mejor atenci\u00f3n\u00bb font_container=\u00bbtag:h4|text_align:center|color:%23ffffff|line_height:40px\u00bb use_theme_fonts=\u00bbyes\u00bb]<div id=\"1530180282184-063c2f51-1708\" class=\"dt-sc-empty-space\"><\/div>[\/vc_column_inner][vc_column_inner width=\u00bb1\/6&#8243; offset=\u00bbvc_hidden-xs\u00bb][\/vc_column_inner][\/vc_row_inner]<a href='https:\/\/frontfacebusiness.com.mx\/main\/contacto' target='_self' title='' class='dt-sc-button   xlarge icon-right with-icon  bordered  transparent-btn white'  style=\"background-color:#cd062d;border-color:#cd062d;\"> Cont\u00e1ctanos <span class='fa fa-long-arrow-right'> <\/span><\/a><div id=\"1531139364199-5c8b689b-a00c\" class=\"dt-sc-empty-space\"><\/div>[\/vc_column][\/vc_row]<\/p>\n","protected":false},"excerpt":{"rendered":"<p>[vc_section full_width=\u00bbstretch_row\u00bb css=\u00bb.vc_custom_1527681065631{margin-top: -35px !important;background: #fbfbfb url(https:\/\/frontfacebusiness.com.mx\/main\/wp-content\/uploads\/2018\/05\/Digital-Agency-T2.png?id=17443) !important;background-position: 0 0 !important;background-repeat: no-repeat !important;}\u00bb addstyles=\u00bbbackground-position: left bottom!important; background-size: 50% auto !important;\u00bb][vc_row][vc_column][vc_video link=\u00bbhttps:\/\/player.vimeo.com\/video\/422652204?autoplay=1&amp;loop=1&amp;autopause=0&#8243;][\/vc_column][\/vc_row][vc_row][vc_column][\/vc_column][\/vc_row][vc_row][vc_column][vc_row_inner][vc_column_inner width=\u00bb1\/6&#8243; offset=\u00bbvc_hidden-xs\u00bb][\/vc_column_inner][vc_column_inner width=\u00bb2\/3&#8243;][vc_custom_heading text=\u00bbNacemos hace 10 a\u00f1os como un contact center y evolucionamos a trav\u00e9s de la integraci\u00f3n tanto de medios de contacto como procesos de mejora continua para nuestros clientes.\u00bb font_container=\u00bbtag:h4|text_align:center\u00bb use_theme_fonts=\u00bbyes\u00bb][\/vc_column_inner][vc_column_inner width=\u00bb1\/6&#8243; [&hellip;]<\/p>\n","protected":false},"author":1,"featured_media":0,"parent":0,"menu_order":0,"comment_status":"closed","ping_status":"closed","template":"","meta":[],"_links":{"self":[{"href":"https:\/\/frontfacebusiness.com.mx\/main\/wp-json\/wp\/v2\/pages\/16223"}],"collection":[{"href":"https:\/\/frontfacebusiness.com.mx\/main\/wp-json\/wp\/v2\/pages"}],"about":[{"href":"https:\/\/frontfacebusiness.com.mx\/main\/wp-json\/wp\/v2\/types\/page"}],"author":[{"embeddable":true,"href":"https:\/\/frontfacebusiness.com.mx\/main\/wp-json\/wp\/v2\/users\/1"}],"replies":[{"embeddable":true,"href":"https:\/\/frontfacebusiness.com.mx\/main\/wp-json\/wp\/v2\/comments?post=16223"}],"version-history":[{"count":8,"href":"https:\/\/frontfacebusiness.com.mx\/main\/wp-json\/wp\/v2\/pages\/16223\/revisions"}],"predecessor-version":[{"id":19106,"href":"https:\/\/frontfacebusiness.com.mx\/main\/wp-json\/wp\/v2\/pages\/16223\/revisions\/19106"}],"wp:attachment":[{"href":"https:\/\/frontfacebusiness.com.mx\/main\/wp-json\/wp\/v2\/media?parent=16223"}],"curies":[{"name":"wp","href":"https:\/\/api.w.org\/{rel}","templated":true}]}}